{"id":2,"date":"2022-03-24T07:34:16","date_gmt":"2022-03-24T07:34:16","guid":{"rendered":"http:\/\/www.originalqu.com\/fannys\/?page_id=2"},"modified":"2024-06-30T14:13:44","modified_gmt":"2024-06-30T14:13:44","slug":"fannys-perfum-tiendas","status":"publish","type":"page","link":"http:\/\/www.originalqu.com\/fannys\/","title":{"rendered":"Fanny&#8217;s Perfum Grup"},"content":{"rendered":"\n<p>En Fanny&#8217;s Perfum contamos con m\u00e1s de 30 a\u00f1os de experiencia en la venta minorista de productos de perfumer\u00eda, cosm\u00e9tica y belleza. <\/p>\n\n\n\n<h2 class=\"wp-block-heading has-text-align-center has-larger-font-size\" style=\"font-style:normal;font-weight:600\">Encuentra las mejores marcas de belleza en Fanny&#8217;s Perfum<\/h2>\n\n\n<div class=\"wp-block-image is-style-default\">\n<figure class=\"aligncenter size-large is-resized\"><img loading=\"lazy\" decoding=\"async\" width=\"1024\" height=\"683\" src=\"http:\/\/www.originalqu.com\/fannys\/wp-content\/uploads\/2022\/05\/camille-paralisan-LgoehzzFAMA-unsplash-1024x683.jpg\" alt=\"\" class=\"wp-image-71\" style=\"width:768px;height:512px\" srcset=\"http:\/\/www.originalqu.com\/fannys\/wp-content\/uploads\/2022\/05\/camille-paralisan-LgoehzzFAMA-unsplash-1024x683.jpg 1024w, http:\/\/www.originalqu.com\/fannys\/wp-content\/uploads\/2022\/05\/camille-paralisan-LgoehzzFAMA-unsplash-300x200.jpg 300w, http:\/\/www.originalqu.com\/fannys\/wp-content\/uploads\/2022\/05\/camille-paralisan-LgoehzzFAMA-unsplash-768x512.jpg 768w, http:\/\/www.originalqu.com\/fannys\/wp-content\/uploads\/2022\/05\/camille-paralisan-LgoehzzFAMA-unsplash-1536x1024.jpg 1536w, http:\/\/www.originalqu.com\/fannys\/wp-content\/uploads\/2022\/05\/camille-paralisan-LgoehzzFAMA-unsplash-2048x1365.jpg 2048w, http:\/\/www.originalqu.com\/fannys\/wp-content\/uploads\/2022\/05\/camille-paralisan-LgoehzzFAMA-unsplash-1140x760.jpg 1140w, http:\/\/www.originalqu.com\/fannys\/wp-content\/uploads\/2022\/05\/camille-paralisan-LgoehzzFAMA-unsplash-920x613.jpg 920w, http:\/\/www.originalqu.com\/fannys\/wp-content\/uploads\/2022\/05\/camille-paralisan-LgoehzzFAMA-unsplash-575x383.jpg 575w, http:\/\/www.originalqu.com\/fannys\/wp-content\/uploads\/2022\/05\/camille-paralisan-LgoehzzFAMA-unsplash-380x253.jpg 380w\" sizes=\"auto, (max-width: 1024px) 100vw, 1024px\" \/><\/figure>\n<\/div>\n\n\n<p class=\"has-text-align-center\"><strong>Visita alguna de nuestras tiendas y nuestro personal le asesorar\u00e1 durante todo momento. <\/strong><\/p>\n\n\n\n<div class=\"wp-block-buttons is-content-justification-center is-layout-flex wp-container-core-buttons-is-layout-16018d1d wp-block-buttons-is-layout-flex\"><\/div>\n\n\n\n<div class=\"wp-block-buttons is-content-justification-center is-layout-flex wp-container-core-buttons-is-layout-16018d1d wp-block-buttons-is-layout-flex\">\n<div class=\"wp-block-button has-custom-font-size is-style-outline has-large-font-size is-style-outline--1\"><a class=\"wp-block-button__link has-background wp-element-button\" href=\"\" style=\"border-radius:29px;background-color:#f2bd98\" target=\"_blank\" rel=\"noreferrer noopener\"><strong>\u00a1Te esperamos!<\/strong><\/a><\/div>\n<\/div>\n\n\n\n<p><\/p>\n\n\n\n<p><em>Tambi\u00e9n puedes contactar con nosotros mediante el siguiente formulario: <\/em><\/p>\n\n\n\n<div class=\"wp-block-contact-form-7-contact-form-selector\"><div class=\"wpcf7 no-js\" id=\"wpcf7-f41-o1\" lang=\"es-ES\" dir=\"ltr\">\n<div class=\"screen-reader-response\"><p role=\"status\" aria-live=\"polite\" aria-atomic=\"true\"><\/p> <ul><\/ul><\/div>\n<form action=\"\/fannys\/wp-json\/wp\/v2\/pages\/2#wpcf7-f41-o1\" method=\"post\" class=\"wpcf7-form init\" aria-label=\"Formulario de contacto\" novalidate=\"novalidate\" data-status=\"init\">\n<div style=\"display: none;\">\n<input type=\"hidden\" name=\"_wpcf7\" value=\"41\" \/>\n<input type=\"hidden\" name=\"_wpcf7_version\" value=\"5.7.2\" \/>\n<input type=\"hidden\" name=\"_wpcf7_locale\" value=\"es_ES\" \/>\n<input type=\"hidden\" name=\"_wpcf7_unit_tag\" value=\"wpcf7-f41-o1\" \/>\n<input type=\"hidden\" name=\"_wpcf7_container_post\" value=\"0\" \/>\n<input type=\"hidden\" name=\"_wpcf7_posted_data_hash\" value=\"\" \/>\n<\/div>\n<p><label> Tu nombre<br \/>\n<span class=\"wpcf7-form-control-wrap\" data-name=\"your-name\"><input size=\"40\" class=\"wpcf7-form-control wpcf7-text wpcf7-validates-as-required\" aria-required=\"true\" aria-invalid=\"false\" value=\"\" type=\"text\" name=\"your-name\" \/><\/span> <\/label>\n<\/p>\n<p><label> Tu correo electr\u00f3nico<br \/>\n<span class=\"wpcf7-form-control-wrap\" data-name=\"your-email\"><input size=\"40\" class=\"wpcf7-form-control wpcf7-text wpcf7-email wpcf7-validates-as-required wpcf7-validates-as-email\" aria-required=\"true\" aria-invalid=\"false\" value=\"\" type=\"email\" name=\"your-email\" \/><\/span> <\/label>\n<\/p>\n<p><label> Asunto<br \/>\n<span class=\"wpcf7-form-control-wrap\" data-name=\"your-subject\"><input size=\"40\" class=\"wpcf7-form-control wpcf7-text wpcf7-validates-as-required\" aria-required=\"true\" aria-invalid=\"false\" value=\"\" type=\"text\" name=\"your-subject\" \/><\/span> <\/label>\n<\/p>\n<p><label> Tu mensaje (opcional)<br \/>\n<span class=\"wpcf7-form-control-wrap\" data-name=\"your-message\"><textarea cols=\"40\" rows=\"10\" class=\"wpcf7-form-control wpcf7-textarea\" aria-invalid=\"false\" name=\"your-message\"><\/textarea><\/span> <\/label>\n<\/p>\n<p><input class=\"wpcf7-form-control has-spinner wpcf7-submit\" type=\"submit\" value=\"Enviar\" \/>\n<\/p><div class=\"wpcf7-response-output\" aria-hidden=\"true\"><\/div><\/form><\/div><\/div>\n","protected":false},"excerpt":{"rendered":"<p>En Fanny&#8217;s Perfum contamos con m\u00e1s de 30 a\u00f1os de experiencia en la venta minorista de productos de perfumer\u00eda, cosm\u00e9tica y belleza. Encuentra las mejores marcas de belleza en Fanny&#8217;s [&hellip;]<\/p>\n","protected":false},"author":1,"featured_media":0,"parent":0,"menu_order":0,"comment_status":"closed","ping_status":"open","template":"","meta":{"footnotes":""},"class_list":["post-2","page","type-page","status-publish","hentry"],"yoast_head":"<!-- This site is optimized with the Yoast SEO plugin v19.1 - https:\/\/yoast.com\/wordpress\/plugins\/seo\/ -->\n<title>Fanny&#039;s Perfum Grup - Tiendas de Perfumer\u00eda, Cosm\u00e9tica y Maquillaje<\/title>\n<meta name=\"description\" content=\"En Fanny&#039;s Perfum encontrar\u00e1s una gran selecci\u00f3n de perfumes, cosm\u00e9tica y maquillaje. \u00a1Visita alguna de nuestras tiendas!\" \/>\n<meta name=\"robots\" content=\"index, follow, max-snippet:-1, max-image-preview:large, max-video-preview:-1\" \/>\n<link rel=\"canonical\" href=\"http:\/\/www.originalqu.com\/fannys\/\" \/>\n<meta property=\"og:locale\" content=\"es_ES\" \/>\n<meta property=\"og:type\" content=\"article\" \/>\n<meta property=\"og:title\" content=\"Fanny&#039;s Perfum Grup - Tiendas de Perfumer\u00eda, Cosm\u00e9tica y Maquillaje\" \/>\n<meta property=\"og:description\" content=\"En Fanny&#039;s Perfum encontrar\u00e1s una gran selecci\u00f3n de perfumes, cosm\u00e9tica y maquillaje. \u00a1Visita alguna de nuestras tiendas!\" \/>\n<meta property=\"og:url\" content=\"http:\/\/www.originalqu.com\/fannys\/\" \/>\n<meta property=\"og:site_name\" content=\"Tiendas de Perfumer\u00eda, Cosm\u00e9tica y Maquillaje\" \/>\n<meta property=\"article:modified_time\" content=\"2024-06-30T14:13:44+00:00\" \/>\n<meta property=\"og:image\" content=\"http:\/\/www.originalqu.com\/fannys\/wp-content\/uploads\/2022\/05\/camille-paralisan-LgoehzzFAMA-unsplash-1024x683.jpg\" \/>\n<meta name=\"twitter:card\" content=\"summary_large_image\" \/>\n<meta name=\"twitter:label1\" content=\"Tiempo de lectura\" \/>\n\t<meta name=\"twitter:data1\" content=\"1 minuto\" \/>\n<script type=\"application\/ld+json\" class=\"yoast-schema-graph\">{\"@context\":\"https:\/\/schema.org\",\"@graph\":[{\"@type\":\"WebSite\",\"@id\":\"http:\/\/www.originalqu.com\/fannys\/#website\",\"url\":\"http:\/\/www.originalqu.com\/fannys\/\",\"name\":\"Tiendas de Perfumer\u00eda, Cosm\u00e9tica y Maquillaje\",\"description\":\"\u00a1Visita nuestra tienda!\",\"potentialAction\":[{\"@type\":\"SearchAction\",\"target\":{\"@type\":\"EntryPoint\",\"urlTemplate\":\"http:\/\/www.originalqu.com\/fannys\/?s={search_term_string}\"},\"query-input\":\"required name=search_term_string\"}],\"inLanguage\":\"es\"},{\"@type\":\"ImageObject\",\"inLanguage\":\"es\",\"@id\":\"http:\/\/www.originalqu.com\/fannys\/#primaryimage\",\"url\":\"http:\/\/www.originalqu.com\/fannys\/wp-content\/uploads\/2022\/05\/camille-paralisan-LgoehzzFAMA-unsplash-1024x683.jpg\",\"contentUrl\":\"http:\/\/www.originalqu.com\/fannys\/wp-content\/uploads\/2022\/05\/camille-paralisan-LgoehzzFAMA-unsplash-1024x683.jpg\"},{\"@type\":\"WebPage\",\"@id\":\"http:\/\/www.originalqu.com\/fannys\/#webpage\",\"url\":\"http:\/\/www.originalqu.com\/fannys\/\",\"name\":\"Fanny's Perfum Grup - Tiendas de Perfumer\u00eda, Cosm\u00e9tica y Maquillaje\",\"isPartOf\":{\"@id\":\"http:\/\/www.originalqu.com\/fannys\/#website\"},\"primaryImageOfPage\":{\"@id\":\"http:\/\/www.originalqu.com\/fannys\/#primaryimage\"},\"datePublished\":\"2022-03-24T07:34:16+00:00\",\"dateModified\":\"2024-06-30T14:13:44+00:00\",\"description\":\"En Fanny's Perfum encontrar\u00e1s una gran selecci\u00f3n de perfumes, cosm\u00e9tica y maquillaje. \u00a1Visita alguna de nuestras tiendas!\",\"breadcrumb\":{\"@id\":\"http:\/\/www.originalqu.com\/fannys\/#breadcrumb\"},\"inLanguage\":\"es\",\"potentialAction\":[{\"@type\":\"ReadAction\",\"target\":[\"http:\/\/www.originalqu.com\/fannys\/\"]}]},{\"@type\":\"BreadcrumbList\",\"@id\":\"http:\/\/www.originalqu.com\/fannys\/#breadcrumb\",\"itemListElement\":[{\"@type\":\"ListItem\",\"position\":1,\"name\":\"Portada\",\"item\":\"http:\/\/www.originalqu.com\/fannys\/\"},{\"@type\":\"ListItem\",\"position\":2,\"name\":\"Fanny&#8217;s Perfum Grup\"}]}]}<\/script>\n<!-- \/ Yoast SEO plugin. -->","yoast_head_json":{"title":"Fanny's Perfum Grup - Tiendas de Perfumer\u00eda, Cosm\u00e9tica y Maquillaje","description":"En Fanny's Perfum encontrar\u00e1s una gran selecci\u00f3n de perfumes, cosm\u00e9tica y maquillaje. \u00a1Visita alguna de nuestras tiendas!","robots":{"index":"index","follow":"follow","max-snippet":"max-snippet:-1","max-image-preview":"max-image-preview:large","max-video-preview":"max-video-preview:-1"},"canonical":"http:\/\/www.originalqu.com\/fannys\/","og_locale":"es_ES","og_type":"article","og_title":"Fanny's Perfum Grup - Tiendas de Perfumer\u00eda, Cosm\u00e9tica y Maquillaje","og_description":"En Fanny's Perfum encontrar\u00e1s una gran selecci\u00f3n de perfumes, cosm\u00e9tica y maquillaje. \u00a1Visita alguna de nuestras tiendas!","og_url":"http:\/\/www.originalqu.com\/fannys\/","og_site_name":"Tiendas de Perfumer\u00eda, Cosm\u00e9tica y Maquillaje","article_modified_time":"2024-06-30T14:13:44+00:00","og_image":[{"url":"http:\/\/www.originalqu.com\/fannys\/wp-content\/uploads\/2022\/05\/camille-paralisan-LgoehzzFAMA-unsplash-1024x683.jpg"}],"twitter_card":"summary_large_image","twitter_misc":{"Tiempo de lectura":"1 minuto"},"schema":{"@context":"https:\/\/schema.org","@graph":[{"@type":"WebSite","@id":"http:\/\/www.originalqu.com\/fannys\/#website","url":"http:\/\/www.originalqu.com\/fannys\/","name":"Tiendas de Perfumer\u00eda, Cosm\u00e9tica y Maquillaje","description":"\u00a1Visita nuestra tienda!","potentialAction":[{"@type":"SearchAction","target":{"@type":"EntryPoint","urlTemplate":"http:\/\/www.originalqu.com\/fannys\/?s={search_term_string}"},"query-input":"required name=search_term_string"}],"inLanguage":"es"},{"@type":"ImageObject","inLanguage":"es","@id":"http:\/\/www.originalqu.com\/fannys\/#primaryimage","url":"http:\/\/www.originalqu.com\/fannys\/wp-content\/uploads\/2022\/05\/camille-paralisan-LgoehzzFAMA-unsplash-1024x683.jpg","contentUrl":"http:\/\/www.originalqu.com\/fannys\/wp-content\/uploads\/2022\/05\/camille-paralisan-LgoehzzFAMA-unsplash-1024x683.jpg"},{"@type":"WebPage","@id":"http:\/\/www.originalqu.com\/fannys\/#webpage","url":"http:\/\/www.originalqu.com\/fannys\/","name":"Fanny's Perfum Grup - Tiendas de Perfumer\u00eda, Cosm\u00e9tica y Maquillaje","isPartOf":{"@id":"http:\/\/www.originalqu.com\/fannys\/#website"},"primaryImageOfPage":{"@id":"http:\/\/www.originalqu.com\/fannys\/#primaryimage"},"datePublished":"2022-03-24T07:34:16+00:00","dateModified":"2024-06-30T14:13:44+00:00","description":"En Fanny's Perfum encontrar\u00e1s una gran selecci\u00f3n de perfumes, cosm\u00e9tica y maquillaje. \u00a1Visita alguna de nuestras tiendas!","breadcrumb":{"@id":"http:\/\/www.originalqu.com\/fannys\/#breadcrumb"},"inLanguage":"es","potentialAction":[{"@type":"ReadAction","target":["http:\/\/www.originalqu.com\/fannys\/"]}]},{"@type":"BreadcrumbList","@id":"http:\/\/www.originalqu.com\/fannys\/#breadcrumb","itemListElement":[{"@type":"ListItem","position":1,"name":"Portada","item":"http:\/\/www.originalqu.com\/fannys\/"},{"@type":"ListItem","position":2,"name":"Fanny&#8217;s Perfum Grup"}]}]}},"_links":{"self":[{"href":"http:\/\/www.originalqu.com\/fannys\/wp-json\/wp\/v2\/pages\/2","targetHints":{"allow":["GET"]}}],"collection":[{"href":"http:\/\/www.originalqu.com\/fannys\/wp-json\/wp\/v2\/pages"}],"about":[{"href":"http:\/\/www.originalqu.com\/fannys\/wp-json\/wp\/v2\/types\/page"}],"author":[{"embeddable":true,"href":"http:\/\/www.originalqu.com\/fannys\/wp-json\/wp\/v2\/users\/1"}],"replies":[{"embeddable":true,"href":"http:\/\/www.originalqu.com\/fannys\/wp-json\/wp\/v2\/comments?post=2"}],"version-history":[{"count":14,"href":"http:\/\/www.originalqu.com\/fannys\/wp-json\/wp\/v2\/pages\/2\/revisions"}],"predecessor-version":[{"id":117,"href":"http:\/\/www.originalqu.com\/fannys\/wp-json\/wp\/v2\/pages\/2\/revisions\/117"}],"wp:attachment":[{"href":"http:\/\/www.originalqu.com\/fannys\/wp-json\/wp\/v2\/media?parent=2"}],"curies":[{"name":"wp","href":"https:\/\/api.w.org\/{rel}","templated":true}]}}