{"id":12,"date":"2022-04-19T12:25:12","date_gmt":"2022-04-19T12:25:12","guid":{"rendered":"http:\/\/www.originalqu.com\/fannys\/?page_id=12"},"modified":"2023-02-14T16:26:28","modified_gmt":"2023-02-14T16:26:28","slug":"contacto-fannysperfum","status":"publish","type":"page","link":"http:\/\/www.originalqu.com\/fannys\/contacto-fannysperfum\/","title":{"rendered":"Contacto"},"content":{"rendered":"\n<h2 class=\"wp-block-heading\">Tiendas Fanny&#8217;s Perfum Group<\/h2>\n\n\n\n<p>Nos podr\u00e1s encontrar en: <\/p>\n\n\n\n<h3 class=\"has-large-font-size wp-block-heading\" style=\"font-style:normal;font-weight:500\"><strong>Molins de Rei <\/strong><\/h3>\n\n\n\n<p>Carrer Major, 14, 08750 \/\/ Tel\u00e9fono: 936 85 59 41<\/p>\n\n\n\n<h3 class=\"has-large-font-size wp-block-heading\" style=\"font-style:normal;font-weight:500\"><strong>Cornell\u00e0 de Llobregat<\/strong><\/h3>\n\n\n\n<p>Rambla de Josep Anselm Clav\u00e9, 25, 08940<\/p>\n\n\n\n<h3 class=\"wp-block-heading\">Contacto<\/h3>\n\n\n\n<p><a href=\"mailto:hola@fannysperfum.com\" target=\"_blank\" rel=\"noreferrer noopener\">hola@fannysperfum.com<\/a><\/p>\n\n\n\n<p><a href=\"mailto:atencioncliente@perfumeriaselectiva.net\" target=\"_blank\" rel=\"noreferrer noopener\">atencioncliente@perfumeriaselectiva.net<\/a><\/p>\n\n\n\n<p><strong>Tel\u00e9fono<\/strong>:&nbsp;936 85 59 41<\/p>\n\n\n\n<p><strong>M\u00f3vil<\/strong>:\u00a0647 959 306<\/p>\n\n\n\n<p><strong>Si necesita m\u00e1s informaci\u00f3n rellene el siguiente formulario<\/strong>.  \u00a1Le contestaremos con la mayor brevedad posible!<\/p>\n\n\n\n<div class=\"wp-block-contact-form-7-contact-form-selector\"><div class=\"wpcf7 no-js\" id=\"wpcf7-f41-o1\" lang=\"es-ES\" dir=\"ltr\">\n<div class=\"screen-reader-response\"><p role=\"status\" aria-live=\"polite\" aria-atomic=\"true\"><\/p> <ul><\/ul><\/div>\n<form action=\"\/fannys\/wp-json\/wp\/v2\/pages\/12#wpcf7-f41-o1\" method=\"post\" class=\"wpcf7-form init\" aria-label=\"Formulario de contacto\" novalidate=\"novalidate\" data-status=\"init\">\n<div style=\"display: none;\">\n<input type=\"hidden\" name=\"_wpcf7\" value=\"41\" \/>\n<input type=\"hidden\" name=\"_wpcf7_version\" value=\"5.7.2\" \/>\n<input type=\"hidden\" name=\"_wpcf7_locale\" value=\"es_ES\" \/>\n<input type=\"hidden\" name=\"_wpcf7_unit_tag\" value=\"wpcf7-f41-o1\" \/>\n<input type=\"hidden\" name=\"_wpcf7_container_post\" value=\"0\" \/>\n<input type=\"hidden\" name=\"_wpcf7_posted_data_hash\" value=\"\" \/>\n<\/div>\n<p><label> Tu nombre<br \/>\n<span class=\"wpcf7-form-control-wrap\" data-name=\"your-name\"><input size=\"40\" class=\"wpcf7-form-control wpcf7-text wpcf7-validates-as-required\" aria-required=\"true\" aria-invalid=\"false\" value=\"\" type=\"text\" name=\"your-name\" \/><\/span> <\/label>\n<\/p>\n<p><label> Tu correo electr\u00f3nico<br \/>\n<span class=\"wpcf7-form-control-wrap\" data-name=\"your-email\"><input size=\"40\" class=\"wpcf7-form-control wpcf7-text wpcf7-email wpcf7-validates-as-required wpcf7-validates-as-email\" aria-required=\"true\" aria-invalid=\"false\" value=\"\" type=\"email\" name=\"your-email\" \/><\/span> <\/label>\n<\/p>\n<p><label> Asunto<br \/>\n<span class=\"wpcf7-form-control-wrap\" data-name=\"your-subject\"><input size=\"40\" class=\"wpcf7-form-control wpcf7-text wpcf7-validates-as-required\" aria-required=\"true\" aria-invalid=\"false\" value=\"\" type=\"text\" name=\"your-subject\" \/><\/span> <\/label>\n<\/p>\n<p><label> Tu mensaje (opcional)<br \/>\n<span class=\"wpcf7-form-control-wrap\" data-name=\"your-message\"><textarea cols=\"40\" rows=\"10\" class=\"wpcf7-form-control wpcf7-textarea\" aria-invalid=\"false\" name=\"your-message\"><\/textarea><\/span> <\/label>\n<\/p>\n<p><input class=\"wpcf7-form-control has-spinner wpcf7-submit\" type=\"submit\" value=\"Enviar\" \/>\n<\/p><div class=\"wpcf7-response-output\" aria-hidden=\"true\"><\/div><\/form><\/div><\/div>\n","protected":false},"excerpt":{"rendered":"<p>Tiendas Fanny&#8217;s Perfum Group Nos podr\u00e1s encontrar en: Molins de Rei Carrer Major, 14, 08750 \/\/ Tel\u00e9fono: 936 85 59 41 Cornell\u00e0 de Llobregat Rambla de Josep Anselm Clav\u00e9, 25, [&hellip;]<\/p>\n","protected":false},"author":2,"featured_media":0,"parent":0,"menu_order":0,"comment_status":"closed","ping_status":"closed","template":"","meta":{"footnotes":""},"class_list":["post-12","page","type-page","status-publish","hentry"],"yoast_head":"<!-- This site is optimized with the Yoast SEO plugin v19.1 - https:\/\/yoast.com\/wordpress\/plugins\/seo\/ -->\n<title>Contacto - Tiendas de Perfumer\u00eda, Cosm\u00e9tica y Maquillaje<\/title>\n<meta name=\"description\" content=\"En Fanny&#039;s Perfum encontrar\u00e1s las mejores marcas de perfumer\u00eda, cosm\u00e9tica y maquillaje. \u00a1Contacta con nosotros!\" \/>\n<meta name=\"robots\" content=\"index, follow, max-snippet:-1, max-image-preview:large, max-video-preview:-1\" \/>\n<link rel=\"canonical\" href=\"http:\/\/www.originalqu.com\/fannys\/contacto-fannysperfum\/\" \/>\n<meta property=\"og:locale\" content=\"es_ES\" \/>\n<meta property=\"og:type\" content=\"article\" \/>\n<meta property=\"og:title\" content=\"Contacto - Tiendas de Perfumer\u00eda, Cosm\u00e9tica y Maquillaje\" \/>\n<meta property=\"og:description\" content=\"En Fanny&#039;s Perfum encontrar\u00e1s las mejores marcas de perfumer\u00eda, cosm\u00e9tica y maquillaje. \u00a1Contacta con nosotros!\" \/>\n<meta property=\"og:url\" content=\"http:\/\/www.originalqu.com\/fannys\/contacto-fannysperfum\/\" \/>\n<meta property=\"og:site_name\" content=\"Tiendas de Perfumer\u00eda, Cosm\u00e9tica y Maquillaje\" \/>\n<meta property=\"article:modified_time\" content=\"2023-02-14T16:26:28+00:00\" \/>\n<meta name=\"twitter:card\" content=\"summary_large_image\" \/>\n<meta name=\"twitter:label1\" content=\"Tiempo de lectura\" \/>\n\t<meta name=\"twitter:data1\" content=\"1 minuto\" \/>\n<script type=\"application\/ld+json\" class=\"yoast-schema-graph\">{\"@context\":\"https:\/\/schema.org\",\"@graph\":[{\"@type\":\"WebSite\",\"@id\":\"http:\/\/www.originalqu.com\/fannys\/#website\",\"url\":\"http:\/\/www.originalqu.com\/fannys\/\",\"name\":\"Tiendas de Perfumer\u00eda, Cosm\u00e9tica y Maquillaje\",\"description\":\"\u00a1Visita nuestra tienda!\",\"potentialAction\":[{\"@type\":\"SearchAction\",\"target\":{\"@type\":\"EntryPoint\",\"urlTemplate\":\"http:\/\/www.originalqu.com\/fannys\/?s={search_term_string}\"},\"query-input\":\"required name=search_term_string\"}],\"inLanguage\":\"es\"},{\"@type\":\"WebPage\",\"@id\":\"http:\/\/www.originalqu.com\/fannys\/contacto-fannysperfum\/#webpage\",\"url\":\"http:\/\/www.originalqu.com\/fannys\/contacto-fannysperfum\/\",\"name\":\"Contacto - Tiendas de Perfumer\u00eda, Cosm\u00e9tica y Maquillaje\",\"isPartOf\":{\"@id\":\"http:\/\/www.originalqu.com\/fannys\/#website\"},\"datePublished\":\"2022-04-19T12:25:12+00:00\",\"dateModified\":\"2023-02-14T16:26:28+00:00\",\"description\":\"En Fanny's Perfum encontrar\u00e1s las mejores marcas de perfumer\u00eda, cosm\u00e9tica y maquillaje. \u00a1Contacta con nosotros!\",\"breadcrumb\":{\"@id\":\"http:\/\/www.originalqu.com\/fannys\/contacto-fannysperfum\/#breadcrumb\"},\"inLanguage\":\"es\",\"potentialAction\":[{\"@type\":\"ReadAction\",\"target\":[\"http:\/\/www.originalqu.com\/fannys\/contacto-fannysperfum\/\"]}]},{\"@type\":\"BreadcrumbList\",\"@id\":\"http:\/\/www.originalqu.com\/fannys\/contacto-fannysperfum\/#breadcrumb\",\"itemListElement\":[{\"@type\":\"ListItem\",\"position\":1,\"name\":\"Portada\",\"item\":\"http:\/\/www.originalqu.com\/fannys\/\"},{\"@type\":\"ListItem\",\"position\":2,\"name\":\"Contacto\"}]}]}<\/script>\n<!-- \/ Yoast SEO plugin. -->","yoast_head_json":{"title":"Contacto - Tiendas de Perfumer\u00eda, Cosm\u00e9tica y Maquillaje","description":"En Fanny's Perfum encontrar\u00e1s las mejores marcas de perfumer\u00eda, cosm\u00e9tica y maquillaje. \u00a1Contacta con nosotros!","robots":{"index":"index","follow":"follow","max-snippet":"max-snippet:-1","max-image-preview":"max-image-preview:large","max-video-preview":"max-video-preview:-1"},"canonical":"http:\/\/www.originalqu.com\/fannys\/contacto-fannysperfum\/","og_locale":"es_ES","og_type":"article","og_title":"Contacto - Tiendas de Perfumer\u00eda, Cosm\u00e9tica y Maquillaje","og_description":"En Fanny's Perfum encontrar\u00e1s las mejores marcas de perfumer\u00eda, cosm\u00e9tica y maquillaje. \u00a1Contacta con nosotros!","og_url":"http:\/\/www.originalqu.com\/fannys\/contacto-fannysperfum\/","og_site_name":"Tiendas de Perfumer\u00eda, Cosm\u00e9tica y Maquillaje","article_modified_time":"2023-02-14T16:26:28+00:00","twitter_card":"summary_large_image","twitter_misc":{"Tiempo de lectura":"1 minuto"},"schema":{"@context":"https:\/\/schema.org","@graph":[{"@type":"WebSite","@id":"http:\/\/www.originalqu.com\/fannys\/#website","url":"http:\/\/www.originalqu.com\/fannys\/","name":"Tiendas de Perfumer\u00eda, Cosm\u00e9tica y Maquillaje","description":"\u00a1Visita nuestra tienda!","potentialAction":[{"@type":"SearchAction","target":{"@type":"EntryPoint","urlTemplate":"http:\/\/www.originalqu.com\/fannys\/?s={search_term_string}"},"query-input":"required name=search_term_string"}],"inLanguage":"es"},{"@type":"WebPage","@id":"http:\/\/www.originalqu.com\/fannys\/contacto-fannysperfum\/#webpage","url":"http:\/\/www.originalqu.com\/fannys\/contacto-fannysperfum\/","name":"Contacto - Tiendas de Perfumer\u00eda, Cosm\u00e9tica y Maquillaje","isPartOf":{"@id":"http:\/\/www.originalqu.com\/fannys\/#website"},"datePublished":"2022-04-19T12:25:12+00:00","dateModified":"2023-02-14T16:26:28+00:00","description":"En Fanny's Perfum encontrar\u00e1s las mejores marcas de perfumer\u00eda, cosm\u00e9tica y maquillaje. \u00a1Contacta con nosotros!","breadcrumb":{"@id":"http:\/\/www.originalqu.com\/fannys\/contacto-fannysperfum\/#breadcrumb"},"inLanguage":"es","potentialAction":[{"@type":"ReadAction","target":["http:\/\/www.originalqu.com\/fannys\/contacto-fannysperfum\/"]}]},{"@type":"BreadcrumbList","@id":"http:\/\/www.originalqu.com\/fannys\/contacto-fannysperfum\/#breadcrumb","itemListElement":[{"@type":"ListItem","position":1,"name":"Portada","item":"http:\/\/www.originalqu.com\/fannys\/"},{"@type":"ListItem","position":2,"name":"Contacto"}]}]}},"_links":{"self":[{"href":"http:\/\/www.originalqu.com\/fannys\/wp-json\/wp\/v2\/pages\/12","targetHints":{"allow":["GET"]}}],"collection":[{"href":"http:\/\/www.originalqu.com\/fannys\/wp-json\/wp\/v2\/pages"}],"about":[{"href":"http:\/\/www.originalqu.com\/fannys\/wp-json\/wp\/v2\/types\/page"}],"author":[{"embeddable":true,"href":"http:\/\/www.originalqu.com\/fannys\/wp-json\/wp\/v2\/users\/2"}],"replies":[{"embeddable":true,"href":"http:\/\/www.originalqu.com\/fannys\/wp-json\/wp\/v2\/comments?post=12"}],"version-history":[{"count":15,"href":"http:\/\/www.originalqu.com\/fannys\/wp-json\/wp\/v2\/pages\/12\/revisions"}],"predecessor-version":[{"id":106,"href":"http:\/\/www.originalqu.com\/fannys\/wp-json\/wp\/v2\/pages\/12\/revisions\/106"}],"wp:attachment":[{"href":"http:\/\/www.originalqu.com\/fannys\/wp-json\/wp\/v2\/media?parent=12"}],"curies":[{"name":"wp","href":"https:\/\/api.w.org\/{rel}","templated":true}]}}