{"id":111,"date":"2023-02-24T11:02:49","date_gmt":"2023-02-24T11:02:49","guid":{"rendered":"http:\/\/www.originalqu.com\/fannys\/?page_id=111"},"modified":"2023-02-24T11:02:50","modified_gmt":"2023-02-24T11:02:50","slug":"terminos-condiciones","status":"publish","type":"page","link":"http:\/\/www.originalqu.com\/fannys\/terminos-condiciones\/","title":{"rendered":"T\u00e9rminos y Condiciones"},"content":{"rendered":"\n<h2 class=\"wp-block-heading\">T\u00e9rminos y Condiciones Fanny&#8217;s Perfum<\/h2>\n\n\n\n<p>Informaci\u00f3n general para dar cumplimiento a las obligaciones dispuestas en la Ley 34\/2002, de 11 de julio, de Servicios de la Sociedad de la Informaci\u00f3n y del Comercio Electr\u00f3nico.<\/p>\n\n\n\n<p><strong>Denominaci\u00f3n social:<\/strong>&nbsp; Fanny\u2019s Perfum, SL<br><strong>CIF:<\/strong>&nbsp; B62678313<br><strong>Direcci\u00f3n: <\/strong>C\/Anselmo clav\u00e9 s\/n pol\u00edgono Matac\u00e1s nave 24 08980 Sant Feliu de Llobregat<br><strong>Email:<\/strong>&nbsp; hola@fannysperfum.com<br><strong>Tel\u00e9fono:<\/strong>&nbsp; 93 685 59 36<br><strong>Tel\u00e9fono m\u00f3vil: <\/strong>647 959 306<\/p>\n\n\n\n<p><strong>Fanny\u2019s Perfum, SL.<\/strong> no se puede hacer responsable del uso incorrecto, inapropiado, indebido o il\u00edcito, por parte de terceros, de la informaci\u00f3n aparecida en las p\u00e1ginas de Internet de ORIGINAL QUALITY S.L.<\/p>\n\n\n\n<p>Igualmente, las p\u00e1ginas de Internet de Fanny\u2019s Perfum, SL. pueden contener enlaces (links) a otras p\u00e1ginas de terceros que Fanny\u2019s Perfum, SL. y Fanny\u2019s Perfum, SL. no pueden controlar, por lo que no asumen responsabilidades por el contenido que pueda aparecer en dichas p\u00e1ginas. La existencia de estos enlaces no supone ning\u00fan tipo de asociaci\u00f3n, fusi\u00f3n o participaci\u00f3n con las entidades conectadas.<\/p>\n\n\n\n<p>Fanny\u2019s Perfum, SL. no asume ninguna responsabilidad respecto a los contenidos o informaciones publicados por terceros en nuestra p\u00e1gina web http:\/\/www.fannysperfum.com\/. No obstante, atendiendo a la legislaci\u00f3n vigente, Fanny\u2019s Perfum, SL. &nbsp;se pone a disposici\u00f3n de las autoridades legalmente competentes, colaborando en la interrupci\u00f3n o en su caso retirada de los contenidos que puedan contravenir la legislaci\u00f3n nacional o internacional, vulnerar los derechos de terceros o ser contrarios a la moral o al orden p\u00fablico. Igualmente, en caso de que alg\u00fan usuario considere que existe en el sitio web alg\u00fan contenido susceptible de la meritada calificaci\u00f3n, rogamos lo notifique de forma inmediata por los medios de contacto arriba referenciados.<\/p>\n\n\n\n<p>La mercantil Fanny\u2019s Perfum, SL. es propietaria de todos los contenidos del sitio web o, en su caso, dispone de licencia o autorizaci\u00f3n por parte del propietario. La reproducci\u00f3n, distribuci\u00f3n, comercializaci\u00f3n o transformaci\u00f3n no autorizadas de cualquiera de los contenidos de la p\u00e1gina web constituye infracci\u00f3n de los derechos de propiedad intelectual e industrial y podr\u00e1 dar lugar a cuantas acciones judiciales o extrajudiciales les pudieran corresponder a los titulares de los derechos para la defensa de los mismo.<\/p>\n\n\n\n<p>Para acceder a algunos de los servicios y\/o productos se ofrecen a trav\u00e9s del sitio web, deber\u00e1 proporcionar algunos datos de car\u00e1cter personal. Le informamos que Fanny\u2019s Perfum, SL. cumple con la normativa actualmente vigente en materia de Protecci\u00f3n de Datos Personales, puede usted obtener toda la informaci\u00f3n al respecto en el apartado\u00a0<a href=\"http:\/\/www.originalqu.com\/fannys\/politica-privacidad\/\"><em>(ver Pol\u00edtica de Privacidad)<\/em><\/a>.<\/p>\n\n\n\n<h3 class=\"wp-block-heading\"><strong>Propiedad Intelectual e Industrial<\/strong><\/h3>\n\n\n\n<p>Todos los contenidos existentes en el sitio web son propiedad de ORIGINAL QUALITY S.L. o de terceros, en todo caso est\u00e1n protegidos por la normativa de propiedad intelectual e industrial.<\/p>\n\n\n\n<p>Queda prohibida la reproducci\u00f3n, distribuci\u00f3n, comercializaci\u00f3n o transformaci\u00f3n no autorizadas del contenido de esta p\u00e1gina web, tanto el de titularidad propia de Fanny\u2019s Perfum, SL. como el cedido a esta por un tercero. Las referencias a marcas, nombres comerciales, logos o cualquier otro signo distintivo que se utilice en esta web llevan impl\u00edcita la prohibici\u00f3n de su uso sin el consentimiento expreso y escrito de Fanny\u2019s Perfum, SL. o del tercero titular. El uso de esta p\u00e1gina web no otorga derecho alguno sobre dichas marcas, nombres comerciales, logos o cualquier otro signo distintivo que se utilice en la misma.<\/p>\n\n\n\n<p>En ning\u00fan caso de <strong>Fanny\u2019s Perfum, SL<\/strong>. se hace responsable del uso indebido o inapropiado que un tercero haga del contenido existente en esta p\u00e1gina web, ni tampoco de las consecuencias que puedan derivarse de dicho uso.<\/p>\n\n\n\n<p>de Fanny\u2019s Perfum, SL. se reserva el ejercicio de todas las acciones judiciales o extrajudiciales que le puedan corresponder en defensa de sus leg\u00edtimos intereses y en protecci\u00f3n de los derechos de propiedad intelectual e industrial.<\/p>\n\n\n\n<p>El RD Legislativo 1\/1996, de 12 de abril, por el que se aprueba el texto refundido de la Ley de Propiedad Intelectual, reconoce al titular de los derechos reconocidos en ella la posibilidad de instar el cese de la actividad il\u00edcita del infractor y exigir indemnizaci\u00f3n por los da\u00f1os materiales y morales causados. Dicha indemnizaci\u00f3n comprende no solo el valor de la p\u00e9rdida que haya sufrido de Fanny\u2019s Perfum, SL. sino que tambi\u00e9n comprender\u00e1 los gastos en que se haya incurrido para obtener las pruebas razonables de la comisi\u00f3n de la infracci\u00f3n objeto del procedimiento judicial. Conviene destacar tambi\u00e9n que la vulneraci\u00f3n de los derechos de propiedad intelectual e industrial pueden ser constitutivos de infracci\u00f3n penal, conllevando importantes sanciones econ\u00f3micas e incluso llegan a alcanzar penas de prisi\u00f3n.<\/p>\n\n\n\n<h3 class=\"wp-block-heading\"><strong>Pol\u00edtica de Calidad<\/strong><\/h3>\n\n\n\n<p>Fanny\u2019s Perfum, SL.<strong>&nbsp;<\/strong>es una empresa dedicada a la prestaci\u00f3n de servicios avanzados en diversos sectores industriales en el \u00e1mbito nacional e internacional:<\/p>\n\n\n\n<p>&#8211; \u00abComercio y venta al por mayor y por menor por internet de accesorios y consumibles de: productos de perfumer\u00eda y cosm\u00e9tica, parafarmacia, er\u00f3ticos y asociados\u00bb.&nbsp;<\/p>\n\n\n\n<p>Como instrumento de aplicaci\u00f3n de su Pol\u00edtica de Calidad adopta un Sistema de Gesti\u00f3n acorde con la pol\u00edtica estrat\u00e9gica de la empresa, seg\u00fan la norma de referencia UNE-EN ISO 9001:2015. Igualmente establece el control peri\u00f3dico del Sistema de Gesti\u00f3n, mediante auditor\u00edas de calidad, seg\u00fan la norma de referencia para, finalmente, obtener el reconocimiento oficial por parte de una entidad de certificaci\u00f3n acreditada.<\/p>\n\n\n\n<p>Como continuidad a la trayectoria de&nbsp;Fanny\u2019s Perfum, SL.<strong>&nbsp;<\/strong>y para responder a las expectativas de sus clientes y de otros grupos de inter\u00e9s, la Direcci\u00f3n impulsa la Calidad presente en todas sus actividades pretendiendo:<\/p>\n\n\n\n<ul class=\"wp-block-list\">\n<li>La mejora continua del sistema de gesti\u00f3n y del desempe\u00f1o de sus actividades en materia de calidad.<\/li>\n\n\n\n<li>La satisfacci\u00f3n de los clientes y de otros grupos de inter\u00e9s centrada en la optimizaci\u00f3n de los recursos, la buena gesti\u00f3n interna, el respeto a las obligaciones legales y el aseguramiento de la calidad de sus prestaciones, que se alcanzar\u00e1 a trav\u00e9s de las acciones planificadas de prevenci\u00f3n, detecci\u00f3n, correcci\u00f3n y mejora continua.<\/li>\n<\/ul>\n\n\n\n<p>En este sentido, la Direcci\u00f3n de&nbsp;Fanny\u2019s Perfum, SL. establece las siguientes directrices y compromisos:<\/p>\n\n\n\n<ul class=\"wp-block-list\">\n<li>Conocer a nuestros clientes y a otros grupos de inter\u00e9s, sus necesidades y expectativas, para asegurar desde el inicio de cada contrato que las especificaciones son factibles y que todo el personal implicado en su desarrollo y ejecuci\u00f3n las conoce y las comprende.<\/li>\n\n\n\n<li>Asumir la necesidad de una mejora continua en nuestros productos y servicios, nuestros procesos y nuestras condiciones de trabajo. Mantener contacto con los clientes y con otros grupos de inter\u00e9s, para colaborar en la mejora continua del servicio.<\/li>\n\n\n\n<li>Asegurar a los clientes y a otros grupos de inter\u00e9s que los productos y servicios ofrecidos y prestados son seguros y fiables y que cumplen con los requisitos, con las especificaciones y\/o con las normas aplicables.<\/li>\n\n\n\n<li>Establecer sistemas de trabajo orientados a la prevenci\u00f3n de fallos potenciales; no s\u00f3lo a su detecci\u00f3n y soluci\u00f3n.<\/li>\n<\/ul>\n\n\n\n<p>La Direcci\u00f3n de&nbsp;Fanny\u2019s Perfum, SL. velar\u00e1 por la adecuada implantaci\u00f3n, el desempe\u00f1o y la mejora continua de la eficacia y de la capacidad del Sistema de Gesti\u00f3n para lograr los resultados previstos en todos los \u00e1mbitos y actividades de la organizaci\u00f3n, proporcionando los recursos necesarios.<\/p>\n\n\n\n<p>Los objetivos espec\u00edficos de Calidad forman parte de los objetivos generales de&nbsp;Fanny\u2019s Perfum, SL. que se definen cada a\u00f1o y est\u00e1n detallados en planes o programas concretos para su consecuci\u00f3n, con definici\u00f3n de los responsables de los mismos, plazos de ejecuci\u00f3n y medios necesarios para alcanzarlos.<\/p>\n\n\n\n<p>La implantaci\u00f3n de esta Pol\u00edtica es responsabilidad de todos los miembros de la empresa, comenzando por la Direcci\u00f3n. Para que sea entendida, aplicada y mantenida al d\u00eda, la Direcci\u00f3n se compromete a divulgarla, de forma que todas las personas de la organizaci\u00f3n o relacionadas con ella, a cualquier nivel, tengan la informaci\u00f3n y la formaci\u00f3n necesaria que les permita realizar sus actividades conforme a lo establecido en el Sistema de Gesti\u00f3n.<\/p>\n","protected":false},"excerpt":{"rendered":"<p>T\u00e9rminos y Condiciones Fanny&#8217;s Perfum Informaci\u00f3n general para dar cumplimiento a las obligaciones dispuestas en la Ley 34\/2002, de 11 de julio, de Servicios de la Sociedad de la Informaci\u00f3n [&hellip;]<\/p>\n","protected":false},"author":2,"featured_media":0,"parent":0,"menu_order":0,"comment_status":"closed","ping_status":"closed","template":"","meta":{"footnotes":""},"class_list":["post-111","page","type-page","status-publish","hentry"],"yoast_head":"<!-- This site is optimized with the Yoast SEO plugin v19.1 - https:\/\/yoast.com\/wordpress\/plugins\/seo\/ -->\n<title>T\u00e9rminos y Condiciones - Tiendas de Perfumer\u00eda, Cosm\u00e9tica y Maquillaje<\/title>\n<meta name=\"description\" content=\"T\u00e9rminos y Condiciones. En Fanny&#039;s Perfum ofrecemos las mejores marcas de perfumer\u00eda y cosm\u00e9tica. \u00a1Ven a vernos!\" \/>\n<meta name=\"robots\" content=\"index, follow, max-snippet:-1, max-image-preview:large, max-video-preview:-1\" \/>\n<link rel=\"canonical\" href=\"http:\/\/www.originalqu.com\/fannys\/terminos-condiciones\/\" \/>\n<meta property=\"og:locale\" content=\"es_ES\" \/>\n<meta property=\"og:type\" content=\"article\" \/>\n<meta property=\"og:title\" content=\"T\u00e9rminos y Condiciones - Tiendas de Perfumer\u00eda, Cosm\u00e9tica y Maquillaje\" \/>\n<meta property=\"og:description\" content=\"T\u00e9rminos y Condiciones. En Fanny&#039;s Perfum ofrecemos las mejores marcas de perfumer\u00eda y cosm\u00e9tica. \u00a1Ven a vernos!\" \/>\n<meta property=\"og:url\" content=\"http:\/\/www.originalqu.com\/fannys\/terminos-condiciones\/\" \/>\n<meta property=\"og:site_name\" content=\"Tiendas de Perfumer\u00eda, Cosm\u00e9tica y Maquillaje\" \/>\n<meta property=\"article:modified_time\" content=\"2023-02-24T11:02:50+00:00\" \/>\n<meta name=\"twitter:card\" content=\"summary_large_image\" \/>\n<meta name=\"twitter:label1\" content=\"Tiempo de lectura\" \/>\n\t<meta name=\"twitter:data1\" content=\"6 minutos\" \/>\n<script type=\"application\/ld+json\" class=\"yoast-schema-graph\">{\"@context\":\"https:\/\/schema.org\",\"@graph\":[{\"@type\":\"WebSite\",\"@id\":\"http:\/\/www.originalqu.com\/fannys\/#website\",\"url\":\"http:\/\/www.originalqu.com\/fannys\/\",\"name\":\"Tiendas de Perfumer\u00eda, Cosm\u00e9tica y Maquillaje\",\"description\":\"\u00a1Visita nuestra tienda!\",\"potentialAction\":[{\"@type\":\"SearchAction\",\"target\":{\"@type\":\"EntryPoint\",\"urlTemplate\":\"http:\/\/www.originalqu.com\/fannys\/?s={search_term_string}\"},\"query-input\":\"required name=search_term_string\"}],\"inLanguage\":\"es\"},{\"@type\":\"WebPage\",\"@id\":\"http:\/\/www.originalqu.com\/fannys\/terminos-condiciones\/#webpage\",\"url\":\"http:\/\/www.originalqu.com\/fannys\/terminos-condiciones\/\",\"name\":\"T\u00e9rminos y Condiciones - Tiendas de Perfumer\u00eda, Cosm\u00e9tica y Maquillaje\",\"isPartOf\":{\"@id\":\"http:\/\/www.originalqu.com\/fannys\/#website\"},\"datePublished\":\"2023-02-24T11:02:49+00:00\",\"dateModified\":\"2023-02-24T11:02:50+00:00\",\"description\":\"T\u00e9rminos y Condiciones. En Fanny's Perfum ofrecemos las mejores marcas de perfumer\u00eda y cosm\u00e9tica. \u00a1Ven a vernos!\",\"breadcrumb\":{\"@id\":\"http:\/\/www.originalqu.com\/fannys\/terminos-condiciones\/#breadcrumb\"},\"inLanguage\":\"es\",\"potentialAction\":[{\"@type\":\"ReadAction\",\"target\":[\"http:\/\/www.originalqu.com\/fannys\/terminos-condiciones\/\"]}]},{\"@type\":\"BreadcrumbList\",\"@id\":\"http:\/\/www.originalqu.com\/fannys\/terminos-condiciones\/#breadcrumb\",\"itemListElement\":[{\"@type\":\"ListItem\",\"position\":1,\"name\":\"Portada\",\"item\":\"http:\/\/www.originalqu.com\/fannys\/\"},{\"@type\":\"ListItem\",\"position\":2,\"name\":\"T\u00e9rminos y Condiciones\"}]}]}<\/script>\n<!-- \/ Yoast SEO plugin. -->","yoast_head_json":{"title":"T\u00e9rminos y Condiciones - Tiendas de Perfumer\u00eda, Cosm\u00e9tica y Maquillaje","description":"T\u00e9rminos y Condiciones. En Fanny's Perfum ofrecemos las mejores marcas de perfumer\u00eda y cosm\u00e9tica. \u00a1Ven a vernos!","robots":{"index":"index","follow":"follow","max-snippet":"max-snippet:-1","max-image-preview":"max-image-preview:large","max-video-preview":"max-video-preview:-1"},"canonical":"http:\/\/www.originalqu.com\/fannys\/terminos-condiciones\/","og_locale":"es_ES","og_type":"article","og_title":"T\u00e9rminos y Condiciones - Tiendas de Perfumer\u00eda, Cosm\u00e9tica y Maquillaje","og_description":"T\u00e9rminos y Condiciones. En Fanny's Perfum ofrecemos las mejores marcas de perfumer\u00eda y cosm\u00e9tica. \u00a1Ven a vernos!","og_url":"http:\/\/www.originalqu.com\/fannys\/terminos-condiciones\/","og_site_name":"Tiendas de Perfumer\u00eda, Cosm\u00e9tica y Maquillaje","article_modified_time":"2023-02-24T11:02:50+00:00","twitter_card":"summary_large_image","twitter_misc":{"Tiempo de lectura":"6 minutos"},"schema":{"@context":"https:\/\/schema.org","@graph":[{"@type":"WebSite","@id":"http:\/\/www.originalqu.com\/fannys\/#website","url":"http:\/\/www.originalqu.com\/fannys\/","name":"Tiendas de Perfumer\u00eda, Cosm\u00e9tica y Maquillaje","description":"\u00a1Visita nuestra tienda!","potentialAction":[{"@type":"SearchAction","target":{"@type":"EntryPoint","urlTemplate":"http:\/\/www.originalqu.com\/fannys\/?s={search_term_string}"},"query-input":"required name=search_term_string"}],"inLanguage":"es"},{"@type":"WebPage","@id":"http:\/\/www.originalqu.com\/fannys\/terminos-condiciones\/#webpage","url":"http:\/\/www.originalqu.com\/fannys\/terminos-condiciones\/","name":"T\u00e9rminos y Condiciones - Tiendas de Perfumer\u00eda, Cosm\u00e9tica y Maquillaje","isPartOf":{"@id":"http:\/\/www.originalqu.com\/fannys\/#website"},"datePublished":"2023-02-24T11:02:49+00:00","dateModified":"2023-02-24T11:02:50+00:00","description":"T\u00e9rminos y Condiciones. En Fanny's Perfum ofrecemos las mejores marcas de perfumer\u00eda y cosm\u00e9tica. \u00a1Ven a vernos!","breadcrumb":{"@id":"http:\/\/www.originalqu.com\/fannys\/terminos-condiciones\/#breadcrumb"},"inLanguage":"es","potentialAction":[{"@type":"ReadAction","target":["http:\/\/www.originalqu.com\/fannys\/terminos-condiciones\/"]}]},{"@type":"BreadcrumbList","@id":"http:\/\/www.originalqu.com\/fannys\/terminos-condiciones\/#breadcrumb","itemListElement":[{"@type":"ListItem","position":1,"name":"Portada","item":"http:\/\/www.originalqu.com\/fannys\/"},{"@type":"ListItem","position":2,"name":"T\u00e9rminos y Condiciones"}]}]}},"_links":{"self":[{"href":"http:\/\/www.originalqu.com\/fannys\/wp-json\/wp\/v2\/pages\/111","targetHints":{"allow":["GET"]}}],"collection":[{"href":"http:\/\/www.originalqu.com\/fannys\/wp-json\/wp\/v2\/pages"}],"about":[{"href":"http:\/\/www.originalqu.com\/fannys\/wp-json\/wp\/v2\/types\/page"}],"author":[{"embeddable":true,"href":"http:\/\/www.originalqu.com\/fannys\/wp-json\/wp\/v2\/users\/2"}],"replies":[{"embeddable":true,"href":"http:\/\/www.originalqu.com\/fannys\/wp-json\/wp\/v2\/comments?post=111"}],"version-history":[{"count":1,"href":"http:\/\/www.originalqu.com\/fannys\/wp-json\/wp\/v2\/pages\/111\/revisions"}],"predecessor-version":[{"id":112,"href":"http:\/\/www.originalqu.com\/fannys\/wp-json\/wp\/v2\/pages\/111\/revisions\/112"}],"wp:attachment":[{"href":"http:\/\/www.originalqu.com\/fannys\/wp-json\/wp\/v2\/media?parent=111"}],"curies":[{"name":"wp","href":"https:\/\/api.w.org\/{rel}","templated":true}]}}